{"id":5881,"date":"2024-04-03T12:12:27","date_gmt":"2024-04-03T12:12:27","guid":{"rendered":"https:\/\/naixus.net\/?page_id=5881"},"modified":"2024-06-11T10:08:44","modified_gmt":"2024-06-11T10:08:44","slug":"hhai-2024-workshop","status":"publish","type":"page","link":"https:\/\/naixus.net\/index.php\/hhai-2024-workshop\/","title":{"rendered":"HHAI 2024 workshop on AI in Africa and SDGs: Bridging Networks and Fostering Climate Action"},"content":{"rendered":"<p>[et_pb_section fb_built=&#8221;1&#8243; admin_label=&#8221;section&#8221; _builder_version=&#8221;4.25.1&#8243; custom_padding=&#8221;20px||||false|false&#8221; global_colors_info=&#8221;{}&#8221;][et_pb_row use_custom_gutter=&#8221;on&#8221; gutter_width=&#8221;1&#8243; admin_label=&#8221;row&#8221; _builder_version=&#8221;4.25.1&#8243; background_size=&#8221;initial&#8221; background_position=&#8221;top_left&#8221; background_repeat=&#8221;repeat&#8221; width=&#8221;90%&#8221; custom_padding=&#8221;||||false|false&#8221; global_colors_info=&#8221;{}&#8221;][et_pb_column type=&#8221;4_4&#8243; _builder_version=&#8221;4.16&#8243; custom_padding=&#8221;|||&#8221; global_colors_info=&#8221;{}&#8221; custom_padding__hover=&#8221;|||&#8221;][et_pb_text admin_label=&#8221;Text&#8221; _builder_version=&#8221;4.25.1&#8243; header_font_size=&#8221;22px&#8221; background_size=&#8221;initial&#8221; background_position=&#8221;top_left&#8221; background_repeat=&#8221;repeat&#8221; custom_margin=&#8221;||20px||false|false&#8221; custom_padding=&#8221;||||false|false&#8221; header_font_size_tablet=&#8221;18px&#8221; header_font_size_phone=&#8221;16px&#8221; header_font_size_last_edited=&#8221;on|phone&#8221; border_width_bottom=&#8221;3px&#8221; border_color_bottom=&#8221;#0597b5&#8243; global_colors_info=&#8221;{}&#8221;]<\/p>\n<h1 style=\"text-align: center;\"><strong>HHAI 2024 WORKSHOP<\/strong><\/h1>\n<p>[\/et_pb_text][et_pb_text admin_label=&#8221;Text&#8221; _builder_version=&#8221;4.25.1&#8243; header_font_size=&#8221;22px&#8221; header_line_height=&#8221;1.4em&#8221; background_size=&#8221;initial&#8221; background_position=&#8221;top_left&#8221; background_repeat=&#8221;repeat&#8221; custom_margin=&#8221;||20px||false|false&#8221; custom_margin_tablet=&#8221;||15px||false|false&#8221; custom_margin_phone=&#8221;||15px||false|false&#8221; custom_margin_last_edited=&#8221;on|phone&#8221; custom_padding=&#8221;||||false|false&#8221; header_font_size_tablet=&#8221;18px&#8221; header_font_size_phone=&#8221;16px&#8221; header_font_size_last_edited=&#8221;on|phone&#8221; border_color_bottom=&#8221;#0597b5&#8243; global_colors_info=&#8221;{}&#8221;]<\/p>\n<h1 style=\"text-align: center;\">AI in Africa &amp; SDGs: Bridging Networks and Fostering Climate Action<\/h1>\n<p>[\/et_pb_text][et_pb_text admin_label=&#8221;Text&#8221; _builder_version=&#8221;4.25.1&#8243; text_font_size=&#8221;15px&#8221; text_line_height=&#8221;1.4em&#8221; background_size=&#8221;initial&#8221; background_position=&#8221;top_left&#8221; background_repeat=&#8221;repeat&#8221; text_font_size_tablet=&#8221;14px&#8221; text_font_size_phone=&#8221;13px&#8221; text_font_size_last_edited=&#8221;on|phone&#8221; global_colors_info=&#8221;{}&#8221;]<\/p>\n<p>Organized by: <strong>Network for Artificial Intelligence, Knowledge and SUStainable development<\/strong><\/p>\n<p>Date: <strong>11th of June 2024<\/strong><\/p>\n<p>Location: <strong>Malm\u00f6, Sweden<\/strong><\/p>\n<p>Website: <strong><span style=\"text-decoration: underline; color: #000000;\"><a href=\"https:\/\/hhai-conference.org\/2024\/workshops-tutorials\/\" style=\"color: #000000; text-decoration: underline;\">https:\/\/hhai-conference.org\/2024\/workshops-tutorials\/<\/a><\/span><\/strong><\/p>\n<p>This workshop is a part of <strong>the 3rd International Conference on Hybrid Human-Artificial Intelligence<\/strong> held on June 10-14 2024 in\u00a0 Malm\u00f6, Sweden. It is hosted at Malm\u00f6 University, in cooperation with Ume\u00e5 University (Sweden).<\/p>\n<p>The \u201cAI in Africa &amp; SDGs: Bridging Networks and Fostering Climate Action\u201d workshop, hosted by Naixus, aims to harness Artificial Intelligence (AI) for advancing Sustainable Development Goals (SDGs) with a focus on climate action in Africa. This event features a Half-Day Workshop exploring AI\u2019s role in climate resilience, sustainable agriculture, and policy support for SDGs, alongside a Discovery Workshop facilitating brief, impactful presentations on AI innovations for SDGs. Designed to stimulate discussion, encourage collaboration, and showcase AI solutions, the workshop seeks to connect researchers, practitioners, policymakers, and communities across Africa.<\/p>\n<p>By highlighting successful AI projects and fostering knowledge exchange, this initiative endeavors to strengthen networks for AI and SDGs in Africa, outline actionable strategies for leveraging AI in climate action, and contribute to the achievement of SDGs through innovative technological applications. Open to a wide range of participants, the workshop is a step towards creating a sustainable future through the intersection of AI technology and sustainable development in Africa.<\/p>\n<p>&nbsp;<\/p>\n<p>[\/et_pb_text][et_pb_text admin_label=&#8221;Text&#8221; _builder_version=&#8221;4.25.1&#8243; text_line_height=&#8221;1.4em&#8221; background_size=&#8221;initial&#8221; background_position=&#8221;top_left&#8221; background_repeat=&#8221;repeat&#8221; text_font_size_tablet=&#8221;13px&#8221; text_font_size_phone=&#8221;13px&#8221; text_font_size_last_edited=&#8221;on|phone&#8221; custom_css_main_element=&#8221;display:flex;||overflow-y:scroll !important;&#8221; global_colors_info=&#8221;{}&#8221;]<\/p>\n<table>\n<thead>\n<tr>\n<td><strong>Time<\/strong><\/td>\n<td><strong>Activity<\/strong><\/td>\n<td><strong>\u00a0<\/strong><\/td>\n<td><strong>Details<\/strong><\/td>\n<\/tr>\n<\/thead>\n<tbody>\n<tr>\n<td>09:00<\/td>\n<td>Welcome<\/td>\n<td><span style=\"color: #008faf;\">Opening Remarks<\/span><\/td>\n<td>John Shawe-Taylor, Davor Orlic and Essa Mohamedali<\/td>\n<\/tr>\n<tr>\n<td>09:00 &#8211; 09:30<\/td>\n<td>Paper Presentation<\/td>\n<td><span style=\"color: #008faf;\">Building an African Water Observatory from Open Data and AI<\/span><\/td>\n<td>Joao Pita Cost, IRCAI, and Mustapha Zaouni, AI Africa<\/td>\n<\/tr>\n<tr>\n<td>09:30 &#8211; 10:00<\/td>\n<td>Paper Presentation<\/td>\n<td><span style=\"color: #008faf;\">A Data-driven Model for Sustainable Deployment of Water Resources in Africa<\/span><\/td>\n<td>Simon Ndogo Ndung&#8217;u, Kabarak University<\/td>\n<\/tr>\n<tr>\n<td>10:00 &#8211; 10:30<\/td>\n<td>Paper Presentation<\/td>\n<td><span style=\"color: #008faf;\">\u00a0 Twiga: the RAG-backed WhatsApp bot for Tanzanian Teachers<br \/><\/span><\/td>\n<td>Magnus Oldensand, Tanzania AI Community<\/td>\n<\/tr>\n<tr>\n<td>10:30 &#8211; 11:00<\/td>\n<td>Coffee Break<\/td>\n<td><\/td>\n<td><\/td>\n<\/tr>\n<tr>\n<td>11:00 &#8211; 11:30<\/td>\n<td>Paper Presentation<\/td>\n<td><span style=\"color: #008faf;\">Improving the Use of Integrated Management of Childhood Illness Protocols in Tanzania<\/span><\/td>\n<td>Essa Mohamedali, Tanzania AI Community Victor<\/td>\n<\/tr>\n<tr>\n<td>11:30 &#8211; 12:00<\/td>\n<td>Paper Presentation<\/td>\n<td><span style=\"color: #008faf;\">&#8220;Hello Afrika&#8221;, Speech Commands in Kinyarwanda<\/span><\/td>\n<td>Nirel Kadzo, CMU Africa<\/td>\n<\/tr>\n<tr>\n<td>12:00 &#8211; 12:30<\/td>\n<td>Paper Presentation<\/td>\n<td><span style=\"color: #008faf;\">Opportunities for Property Valuation and Sustainable Growth with Machine Learning and Alternative Data in Kenya<\/span><\/td>\n<td>Gabriel Isaac Lacson Ramolete, Aboitiz Data Innovation<\/td>\n<\/tr>\n<tr>\n<td>12:30 &#8211; 13:00<\/td>\n<td>Paper Presentation<\/td>\n<td><span style=\"color: #008faf;\">Leveraging AI for Climate Resilience in Africa: Challenges, Opportunities, and the Need for Collaboration<\/span><\/td>\n<td>Amal Nammouchi, <br \/>Sabrina Amrouche, AfriClimate AI<\/td>\n<\/tr>\n<tr>\n<td>13:00 &#8211; 13:30<\/td>\n<td>Paper Presentation<\/td>\n<td><span style=\"color: #008faf;\">Determination the use of digital tools solving energy-water inefficiency of irrigation systems<\/span><\/td>\n<td>Edmond Anthony Ng&#8217;walago<\/td>\n<\/tr>\n<tr>\n<td>13:00 &#8211; 13:05<\/td>\n<td>Closing Remarks<\/td>\n<td><span style=\"color: #008faf;\">Reflections and Debate<\/span><\/td>\n<td>John Shawe-Taylor, Davor Orlic and Essa Mohamedali<\/td>\n<\/tr>\n<\/tbody>\n<\/table>\n<p><strong><\/strong><\/p>\n<p><strong><\/strong><\/p>\n<p><strong>Note<\/strong>: Each presentation slot includes a 5-minute Q&amp;A session.<\/p>\n<p>[\/et_pb_text][\/et_pb_column][\/et_pb_row][\/et_pb_section][et_pb_section fb_built=&#8221;1&#8243; _builder_version=&#8221;4.16&#8243; _module_preset=&#8221;default&#8221; background_color=&#8221;#ffffff&#8221; border_color_all=&#8221;#007cb2&#8243; border_width_top=&#8221;3px&#8221; global_colors_info=&#8221;{}&#8221;][et_pb_row column_structure=&#8221;1_2,1_2&#8243; _builder_version=&#8221;4.16&#8243; _module_preset=&#8221;default&#8221; global_colors_info=&#8221;{}&#8221;][et_pb_column type=&#8221;1_2&#8243; _builder_version=&#8221;4.16&#8243; _module_preset=&#8221;default&#8221; global_colors_info=&#8221;{}&#8221;][et_pb_image src=&#8221;https:\/\/naixus.net\/wp-content\/uploads\/2022\/07\/Logotip-novplus-unesco-1.png&#8221; title_text=&#8221;Logotip-novplus-unesco-1&#8243; _builder_version=&#8221;4.16&#8243; _module_preset=&#8221;default&#8221; width=&#8221;51%&#8221; global_colors_info=&#8221;{}&#8221;][\/et_pb_image][et_pb_text _builder_version=&#8221;4.16&#8243; _module_preset=&#8221;default&#8221; text_font=&#8221;|300|||||||&#8221; header_2_text_color=&#8221;#007cb2&#8243; global_colors_info=&#8221;{}&#8221;]<\/p>\n<div class=\"et_pb_module et_pb_text et_pb_text_3  et_pb_text_align_left et_pb_bg_layout_light\">\n<div class=\"et_pb_text_inner\">\n<p><strong>Network administration and website powered by <\/strong><strong>International Research Centre in Artificial Intelligence\u00a0under the auspices of UNESCO (IRCAI)<\/strong><\/p>\n<p>Jo\u017eef Stefan Institute, Jamova cesta 39, SI-1000 Ljubljana<\/p>\n<\/div>\n<\/div>\n<div class=\"et_pb_with_border et_pb_module et_pb_text et_pb_text_4  et_pb_text_align_left et_pb_bg_layout_light\">\n<div class=\"et_pb_text_inner\">\n<p><span style=\"text-decoration: underline;\"><strong><a target=\"_blank\" class=\"c-link\" data-stringify-link=\"mailto:info@naixus.net\" delay=\"150\" data-sk=\"tooltip_parent\" aria-haspopup=\"menu\" aria-expanded=\"false\" href=\"mailto:info@naixus.net\" rel=\"noopener noreferrer\" data-remove-tab-index=\"true\" tabindex=\"-1\">info@naixus.net<\/a><\/strong><\/span><\/p>\n<p><strong><u><a href=\"https:\/\/ircai.org\/\">ircai.org<\/a><\/u><\/strong><\/p>\n<\/div>\n<\/div>\n<p>[\/et_pb_text][\/et_pb_column][et_pb_column type=&#8221;1_2&#8243; _builder_version=&#8221;4.16&#8243; _module_preset=&#8221;default&#8221; global_colors_info=&#8221;{}&#8221;][et_pb_text _builder_version=&#8221;4.16&#8243; _module_preset=&#8221;default&#8221; header_2_text_color=&#8221;#007cb2&#8243; global_colors_info=&#8221;{}&#8221;]<\/p>\n<div class=\"et_pb_module et_pb_text et_pb_text_3  et_pb_text_align_left et_pb_bg_layout_light\">\n<div class=\"et_pb_text_inner\">\n<h2>FOLLOW NAIXUS UPDATES<strong style=\"font-size: 16px;\"><\/strong><strong><\/strong><\/h2>\n<\/div>\n<\/div>\n<p>[\/et_pb_text][et_pb_social_media_follow _builder_version=&#8221;4.16&#8243; _module_preset=&#8221;default&#8221; background_color=&#8221;rgba(0,0,0,0)&#8221; global_colors_info=&#8221;{}&#8221; background__hover_enabled=&#8221;on|desktop&#8221;][et_pb_social_media_follow_network social_network=&#8221;facebook&#8221; url=&#8221;https:\/\/www.facebook.com\/IRCAI.Org\/&#8221; use_icon_font_size=&#8221;on&#8221; icon_font_size=&#8221;23px&#8221; _builder_version=&#8221;4.16&#8243; _module_preset=&#8221;default&#8221; background_color=&#8221;#007cb2&#8243; background_enable_color=&#8221;on&#8221; global_colors_info=&#8221;{}&#8221; background__hover_enabled=&#8221;on|hover&#8221; background_color__hover=&#8221;#515151&#8243; background_enable_color__hover=&#8221;on&#8221; follow_button=&#8221;off&#8221; url_new_window=&#8221;on&#8221;]facebook[\/et_pb_social_media_follow_network][et_pb_social_media_follow_network social_network=&#8221;linkedin&#8221; url=&#8221;https:\/\/www.linkedin.com\/company\/ircai&#8221; icon_color=&#8221;#FFFFFF&#8221; use_icon_font_size=&#8221;on&#8221; icon_font_size=&#8221;23px&#8221; _builder_version=&#8221;4.16&#8243; _module_preset=&#8221;default&#8221; background_color=&#8221;#007cb2&#8243; background_enable_color=&#8221;on&#8221; global_colors_info=&#8221;{}&#8221; background__hover_enabled=&#8221;on|hover&#8221; background_color__hover=&#8221;#494949&#8243; background_enable_color__hover=&#8221;on&#8221; follow_button=&#8221;off&#8221; url_new_window=&#8221;on&#8221;]linkedin[\/et_pb_social_media_follow_network][et_pb_social_media_follow_network social_network=&#8221;twitter&#8221; url=&#8221;https:\/\/twitter.com\/ircai_unesco&#8221; use_icon_font_size=&#8221;on&#8221; icon_font_size=&#8221;23px&#8221; _builder_version=&#8221;4.16&#8243; _module_preset=&#8221;default&#8221; background_color=&#8221;#007cb2&#8243; background_enable_color=&#8221;on&#8221; global_colors_info=&#8221;{}&#8221; background__hover_enabled=&#8221;on|hover&#8221; background_color__hover=&#8221;#545454&#8243; background_enable_color__hover=&#8221;on&#8221; follow_button=&#8221;off&#8221; url_new_window=&#8221;on&#8221;]twitter[\/et_pb_social_media_follow_network][\/et_pb_social_media_follow][\/et_pb_column][\/et_pb_row][et_pb_row _builder_version=&#8221;4.16&#8243; _module_preset=&#8221;default&#8221; global_colors_info=&#8221;{}&#8221;][et_pb_column type=&#8221;4_4&#8243; _builder_version=&#8221;4.16&#8243; _module_preset=&#8221;default&#8221; global_colors_info=&#8221;{}&#8221;][et_pb_text _builder_version=&#8221;4.16&#8243; _module_preset=&#8221;default&#8221; text_font=&#8221;|300|||||||&#8221; global_colors_info=&#8221;{}&#8221;]<\/p>\n<p>The designations employed and the presentation of material throughout this website do not imply the expression of any opinion whatsoever on the part of UNESCO concerning the legal status of any country, territory, city or area of its authorities, or concerning the delimitation of its frontiers or boundaries.<\/p>\n<p>[\/et_pb_text][\/et_pb_column][\/et_pb_row][\/et_pb_section]<\/p>\n","protected":false},"excerpt":{"rendered":"<p>HHAI 2024 WORKSHOPAI in Africa &amp; SDGs: Bridging Networks and Fostering Climate ActionOrganized by: Network for Artificial Intelligence, Knowledge and SUStainable development Date: 11th of June 2024 Location: Malm\u00f6, Sweden Website: https:\/\/hhai-conference.org\/2024\/workshops-tutorials\/ This workshop is a part of the 3rd International Conference on Hybrid Human-Artificial Intelligence held on June 10-14 2024 in\u00a0 Malm\u00f6, Sweden. It [&hellip;]<\/p>\n","protected":false},"author":4,"featured_media":0,"parent":0,"menu_order":0,"comment_status":"closed","ping_status":"closed","template":"","meta":{"_et_pb_use_builder":"on","_et_pb_old_content":"<!-- wp:paragraph -->\n<p><strong>Date:&nbsp; <\/strong>11th of June 2024<\/p>\n<!-- \/wp:paragraph -->\n\n<!-- wp:paragraph -->\n<p><strong>Location: <\/strong>Malm\u00f6, Sweden<\/p>\n<!-- \/wp:paragraph -->\n\n<!-- wp:paragraph -->\n<p><strong>Deadline<\/strong>: Tuesday 23rd April, selection by 4th week April<\/p>\n<!-- \/wp:paragraph -->\n\n<!-- wp:paragraph -->\n<p><strong>Conference:<\/strong> https:\/\/hhai-conference.org\/2024\/workshops-tutorials\/<\/p>\n<!-- \/wp:paragraph -->\n\n<!-- wp:paragraph -->\n<p>The \u201cAI in Africa &amp; SDGs: Bridging Networks and Fostering Climate Action\u201d workshop, hosted by Naixus, aims to harness Artificial Intelligence (AI) for advancing Sustainable Development Goals (SDGs) with a focus on climate action in Africa. This event features a Half-Day Workshop exploring AI\u2019s role in climate resilience, sustainable agriculture, and policy support for SDGs, alongside a Discovery Workshop facilitating brief, impactful presentations on AI innovations for SDGs. Designed to stimulate discussion, encourage collaboration, and showcase AI solutions, the workshop seeks to connect researchers, practitioners, policymakers, and communities across Africa. By highlighting successful AI projects and fostering knowledge exchange, this initiative endeavors to strengthen networks for AI and SDGs in Africa, outline actionable strategies for leveraging AI in climate action, and contribute to the achievement of SDGs through innovative technological applications. Open to a wide range of participants, the workshop is a step towards creating a sustainable future through the intersection of AI technology and sustainable development in Africa.<\/p>\n<!-- \/wp:paragraph -->\n\n<!-- wp:paragraph -->\n<p>All papers should be a maximum 6 pages in length. Position papers can be shorter (2 pages). One additional page of cited references is allowed. You may also attach full papers of any format or length that supplement your submission, but we do not guarantee to take these into account in the reviewing process. You may submit work that has previously been published \u2014 but please give details of how it has previously been published. Our review process will not be blind: please submit your contributions as PDFs containing the authors\u2019 names. We are expecting this paper to be presented in the format of a talk between 5-10 minutes.<\/p>\n<!-- \/wp:paragraph -->\n\n<!-- wp:paragraph -->\n<p><\/p>\n<!-- \/wp:paragraph -->\n\n<!-- wp:gravityforms\/form {\"formId\":\"10\",\"inputPrimaryColor\":\"#204ce5\"} \/-->","_et_gb_content_width":"","footnotes":""},"class_list":["post-5881","page","type-page","status-publish","hentry"],"_links":{"self":[{"href":"https:\/\/naixus.net\/index.php\/wp-json\/wp\/v2\/pages\/5881","targetHints":{"allow":["GET"]}}],"collection":[{"href":"https:\/\/naixus.net\/index.php\/wp-json\/wp\/v2\/pages"}],"about":[{"href":"https:\/\/naixus.net\/index.php\/wp-json\/wp\/v2\/types\/page"}],"author":[{"embeddable":true,"href":"https:\/\/naixus.net\/index.php\/wp-json\/wp\/v2\/users\/4"}],"replies":[{"embeddable":true,"href":"https:\/\/naixus.net\/index.php\/wp-json\/wp\/v2\/comments?post=5881"}],"version-history":[{"count":0,"href":"https:\/\/naixus.net\/index.php\/wp-json\/wp\/v2\/pages\/5881\/revisions"}],"wp:attachment":[{"href":"https:\/\/naixus.net\/index.php\/wp-json\/wp\/v2\/media?parent=5881"}],"curies":[{"name":"wp","href":"https:\/\/api.w.org\/{rel}","templated":true}]}}