{"id":50,"date":"2022-07-06T10:02:29","date_gmt":"2022-07-06T10:02:29","guid":{"rendered":"https:\/\/naixus.net\/?page_id=50"},"modified":"2025-01-24T10:17:41","modified_gmt":"2025-01-24T10:17:41","slug":"partners","status":"publish","type":"page","link":"https:\/\/naixus.net\/index.php\/partners\/","title":{"rendered":"Partners"},"content":{"rendered":"<p>[et_pb_section fb_built=&#8221;1&#8243; admin_label=&#8221;section&#8221; _builder_version=&#8221;4.16&#8243; background_color=&#8221;#007CB2&#8243; background_enable_image=&#8221;off&#8221; parallax=&#8221;on&#8221; custom_padding=&#8221;0px||0px||false|false&#8221; global_colors_info=&#8221;{}&#8221;][et_pb_row admin_label=&#8221;row&#8221; _builder_version=&#8221;4.16&#8243; background_size=&#8221;initial&#8221; background_position=&#8221;top_left&#8221; background_repeat=&#8221;repeat&#8221; custom_padding=&#8221;0px||0px||false|false&#8221; global_colors_info=&#8221;{}&#8221;][et_pb_column type=&#8221;4_4&#8243; _builder_version=&#8221;4.16&#8243; custom_padding=&#8221;|||&#8221; global_colors_info=&#8221;{}&#8221; custom_padding__hover=&#8221;|||&#8221;][et_pb_image src=&#8221;https:\/\/naixus.net\/wp-content\/uploads\/2022\/07\/Partners-scaled.jpg&#8221; title_text=&#8221;Partners&#8221; _builder_version=&#8221;4.16&#8243; _module_preset=&#8221;default&#8221; global_colors_info=&#8221;{}&#8221;][\/et_pb_image][\/et_pb_column][\/et_pb_row][\/et_pb_section][et_pb_section fb_built=&#8221;1&#8243; _builder_version=&#8221;4.16&#8243; _module_preset=&#8221;default&#8221; global_colors_info=&#8221;{}&#8221;][et_pb_row _builder_version=&#8221;4.16&#8243; _module_preset=&#8221;default&#8221; global_colors_info=&#8221;{}&#8221;][et_pb_column type=&#8221;4_4&#8243; _builder_version=&#8221;4.16&#8243; _module_preset=&#8221;default&#8221; global_colors_info=&#8221;{}&#8221;][et_pb_text _builder_version=&#8221;4.16&#8243; _module_preset=&#8221;default&#8221; text_font=&#8221;|300|||||||&#8221; text_font_size=&#8221;15px&#8221; global_colors_info=&#8221;{}&#8221;]<\/p>\n<p><span>There are five founding partners of the NAIXUS network. <\/span><\/p>\n<p><span>Two UNESCO Centres:<\/span><\/p>\n<ul>\n<li><span>International Research Center in AI \u2013 IRCAI (Slovenia)<\/span><\/li>\n<li><span>Regional Center for Studies on the Development of the Information Society \u2013 CETIC (Brazil)<\/span><span><\/span><\/li>\n<\/ul>\n<p><span>Two UNESCO Chairs:<\/span><\/p>\n<ul>\n<li><span>UNESCO Chair in Artificial Intelligence at University College London\u00a0<\/span><\/li>\n<li><span>UNESCO Chair in Analytics and Data Science at University of Essex<\/span><\/li>\n<\/ul>\n<p><span>and three AI non-profits:<\/span><\/p>\n<ul>\n<li><span>Data-Pop Alliance (USA)<\/span><\/li>\n<li><span>ELLIS Unit Alicante Foundation (Spain)<\/span><\/li>\n<li><span>Knowledge 4 All Foundation (UK)<\/span><\/li>\n<\/ul>\n<p>The initial partners are coming from Slovenia, Australia, Andorra, Brazil, Chile, Finland, France, Ghana, Hungary, Iceland, Italy, Kenya, Mexico, Netherlands, Nigeria, Pakistan, Senegal, South Africa, Spain, Sweden, Tanzania, UK and USA.<\/p>\n<p>&nbsp;<\/p>\n<ul>\n<li>International Research Centre in Artificial Intelligence under the auspices of UNESCO (IRCAI)<\/li>\n<li>Aboitiz Data Innovation<\/li>\n<li>Advanced International Center for Smart Decision Science Applications based on Blockchain And Artificial Intelligence (BAIA)<\/li>\n<li>African Institute for Mathematical Sciences (AIMS)<\/li>\n<li>AI Laboratory at the University of the Witwatersrand (RAIL)<\/li>\n<li>Andorra Research + Innovation<\/li>\n<li>Artificial Intelligence Policies Association<\/li>\n<li>Bio-Robotics Laboratory, National Autonomous University of Mexico<\/li>\n<li>Chung-Hua Institution for Economic Research<\/li>\n<li>Data Scientists Network Foundation<\/li>\n<li>Data-Pop Alliance<\/li>\n<li>DevData Analytics Limited<\/li>\n<li>ELLIS Unit Alicante Foundation<\/li>\n<li>E\u00f6tv\u00f6s Lor\u00e1nd University<\/li>\n<li>Finnish Center for Artificial Intelligence (FCAI)<\/li>\n<li>Icelandic Institute for Intelligence Machines<\/li>\n<li>Instituto de Tecnologia e Sociedade<\/li>\n<li>International Computer Science Institute (ICSI)<\/li>\n<li>Kabarak University<\/li>\n<li>Knowledge 4 All Foundation<\/li>\n<li>Kuyesera AI Lab<\/li>\n<li>Masakhane Foundation<\/li>\n<li>National Cheng Kung University<\/li>\n<li>Northeastern University, Northeastern Civic A.I.<\/li>\n<li>Queensland University of Technology<\/li>\n<li>Regional Center for Studies on the Development of the Information Society (CETIC)<\/li>\n<li>Sekhem-Ethos<\/li>\n<li>Tanzania AI Lab &amp; Community<\/li>\n<li>The Alan Turing Institute<\/li>\n<li>The Hague University of Applied Sciences<\/li>\n<li>TU Delft, Digital Ethics Centre<\/li>\n<li>Research ICT Africa<\/li>\n<li>UNICEF headquarters<\/li>\n<li>University of Bras\u00edlia<\/li>\n<li>University College London, Centre for Artificial Intelligence<\/li>\n<li>University Islamabad of the Islamic Republic of Pakistan (COMSATS)<\/li>\n<li>University of Cape Coast<\/li>\n<li>University of Edinburgh<\/li>\n<li>University of Essex<\/li>\n<li>University of Gothenburg<\/li>\n<li>University of Leeds<\/li>\n<li>University of Pretoria<\/li>\n<li>University of Tuscia<\/li>\n<li>University of Ljubljana<\/li>\n<li>University of Gabes<\/li>\n<li>University of Monastir<\/li>\n<li>University College Dublin<\/li>\n<li>Umbaji<\/li>\n<li>ZINDI<\/li>\n<\/ul>\n<p>[\/et_pb_text][et_pb_image src=&#8221;https:\/\/naixus.net\/wp-content\/uploads\/2022\/07\/NAIXUS-Network-01-01-scaled.jpg&#8221; title_text=&#8221;NAIXUS Network-01-01&#8243; _builder_version=&#8221;4.16&#8243; _module_preset=&#8221;default&#8221; box_shadow_style=&#8221;preset1&#8243; global_colors_info=&#8221;{}&#8221;][\/et_pb_image][\/et_pb_column][\/et_pb_row][\/et_pb_section]<\/p>\n","protected":false},"excerpt":{"rendered":"<p>There are five founding partners of the NAIXUS network. Two UNESCO Centres: International Research Center in AI \u2013 IRCAI (Slovenia) Regional Center for Studies on the Development of the Information Society \u2013 CETIC (Brazil) Two UNESCO Chairs: UNESCO Chair in Artificial Intelligence at University College London\u00a0 UNESCO Chair in Analytics and Data Science at University [&hellip;]<\/p>\n","protected":false},"author":1,"featured_media":0,"parent":0,"menu_order":0,"comment_status":"closed","ping_status":"closed","template":"","meta":{"_et_pb_use_builder":"on","_et_pb_old_content":"<!-- wp:paragraph -->\n<p>The initial partners are coming from Slovenia,&nbsp;Australia, Andorra, Brazil, Chile, Finland, France, Ghana, Hungary, Iceland, Italy, Kenya, Mexico, Netherlands, Nigeria, Pakistan,&nbsp;Senegal, South Africa, Spain, Sweden,&nbsp;Tanzania,&nbsp;UK and&nbsp;USA.<\/p>\n<!-- \/wp:paragraph -->\n\n<!-- wp:paragraph -->\n<p><\/p>\n<!-- \/wp:paragraph -->\n\n<!-- wp:list -->\n<ul><li>International Research Centre in Artificial Intelligence under the auspices of UNESCO<\/li><li>Aboitiz Data Innovation<\/li><li>Advanced International Center for Smart Decision Science Applications based on Blockchain And Artificial Intelligence (BAIA Center)<\/li><li>African Institute for Mathematical Sciences (AIMS)<\/li><li>Andorra Research + Innovation<\/li><li>Bio-Robotics Laboratory, National Autonomous University of Mexico<\/li><li>Chung-Hua Institution for Economic Research<\/li><li>Data Scientists Network Foundation<\/li><li>Data-Pop Alliance<\/li><li>ELLIS Unit Alicante Foundation<\/li><li>E\u00f6tv\u00f6s Lor\u00e1nd University<\/li><li>Finnish Center for Artificial Intelligence FCAI<\/li><li>Icelandic Institute for Intelligence Machines<\/li><li>International Computer Science Institute (ICSI)<\/li><li>Kabarak University<\/li><li>Knowledge 4 All Foundation<\/li><li>Laboratory at the University of the Witwatersrand (RAIL)<\/li><li>Masakhane Foundation<\/li><li>National Cheng Kung University<\/li><li>Northeastern University, Northeastern Civic A.I.<\/li><li>Queensland University of Technology<\/li><li>Regional Center for Studies on the Development of the Information Society (CETIC)<\/li><li>Tanzania AI Lab &amp; Community<\/li><li>The Alan Turing Institute<\/li><li>The Hague University of Applied Sciences<\/li><li>TU Delft, Digital Ethics Centre<\/li><li>Research ICT Africa<\/li><li>UNICEF headquarters<\/li><li>University College London, Centre for Artificial Intelligence<\/li><li>University Islamabad of the Islamic Republic of Pakistan (COMSATS)<\/li><li>University of Cape Coast<\/li><li>University of Edinburgh<\/li><li>University of Essex<\/li><li>University of Gothenburg<\/li><li>University of Leeds<\/li><li>University of Pretoria<\/li><li>University of Tuscia<\/li><\/ul>\n<!-- \/wp:list -->\n\n<!-- wp:paragraph -->\n<p><\/p>\n<!-- \/wp:paragraph -->","_et_gb_content_width":"","footnotes":""},"class_list":["post-50","page","type-page","status-publish","hentry"],"_links":{"self":[{"href":"https:\/\/naixus.net\/index.php\/wp-json\/wp\/v2\/pages\/50","targetHints":{"allow":["GET"]}}],"collection":[{"href":"https:\/\/naixus.net\/index.php\/wp-json\/wp\/v2\/pages"}],"about":[{"href":"https:\/\/naixus.net\/index.php\/wp-json\/wp\/v2\/types\/page"}],"author":[{"embeddable":true,"href":"https:\/\/naixus.net\/index.php\/wp-json\/wp\/v2\/users\/1"}],"replies":[{"embeddable":true,"href":"https:\/\/naixus.net\/index.php\/wp-json\/wp\/v2\/comments?post=50"}],"version-history":[{"count":0,"href":"https:\/\/naixus.net\/index.php\/wp-json\/wp\/v2\/pages\/50\/revisions"}],"wp:attachment":[{"href":"https:\/\/naixus.net\/index.php\/wp-json\/wp\/v2\/media?parent=50"}],"curies":[{"name":"wp","href":"https:\/\/api.w.org\/{rel}","templated":true}]}}